{"id":149,"date":"2024-06-22T02:00:43","date_gmt":"2024-06-22T02:00:43","guid":{"rendered":"https:\/\/diceled.com.mx\/store\/?post_type=product&#038;p=149"},"modified":"2024-06-22T02:00:43","modified_gmt":"2024-06-22T02:00:43","slug":"ldr-2","status":"publish","type":"product","link":"https:\/\/diceled.com.mx\/store\/producto\/ldr-2\/","title":{"rendered":"LDR"},"content":{"rendered":"<p>La LDR es un componente esencial para proyectos que requieren detecci\u00f3n de cambios en la luz. Su simplicidad, bajo costo y facilidad de integraci\u00f3n la hacen ideal para una variedad de aplicaciones en automatizaci\u00f3n, seguridad y educaci\u00f3n.<\/p>\n","protected":false},"excerpt":{"rendered":"<p>La LDR es un componente esencial para proyectos que requieren detecci\u00f3n de cambios en la luz. Su simplicidad, bajo costo y facilidad de integraci\u00f3n la hacen ideal para una variedad de aplicaciones en automatizaci\u00f3n, seguridad y educaci\u00f3n.<\/p>\n","protected":false},"featured_media":150,"comment_status":"open","ping_status":"closed","template":"","meta":[],"product_cat":[31],"product_tag":[],"class_list":{"0":"post-149","1":"product","2":"type-product","3":"status-publish","4":"has-post-thumbnail","6":"product_cat-componente","8":"first","9":"instock","10":"shipping-taxable","11":"purchasable","12":"product-type-simple"},"jetpack_sharing_enabled":true,"_links":{"self":[{"href":"https:\/\/diceled.com.mx\/store\/wp-json\/wp\/v2\/product\/149","targetHints":{"allow":["GET"]}}],"collection":[{"href":"https:\/\/diceled.com.mx\/store\/wp-json\/wp\/v2\/product"}],"about":[{"href":"https:\/\/diceled.com.mx\/store\/wp-json\/wp\/v2\/types\/product"}],"replies":[{"embeddable":true,"href":"https:\/\/diceled.com.mx\/store\/wp-json\/wp\/v2\/comments?post=149"}],"wp:featuredmedia":[{"embeddable":true,"href":"https:\/\/diceled.com.mx\/store\/wp-json\/wp\/v2\/media\/150"}],"wp:attachment":[{"href":"https:\/\/diceled.com.mx\/store\/wp-json\/wp\/v2\/media?parent=149"}],"wp:term":[{"taxonomy":"product_cat","embeddable":true,"href":"https:\/\/diceled.com.mx\/store\/wp-json\/wp\/v2\/product_cat?post=149"},{"taxonomy":"product_tag","embeddable":true,"href":"https:\/\/diceled.com.mx\/store\/wp-json\/wp\/v2\/product_tag?post=149"}],"curies":[{"name":"wp","href":"https:\/\/api.w.org\/{rel}","templated":true}]}}