{"id":40,"date":"2024-04-14T16:34:13","date_gmt":"2024-04-14T16:34:13","guid":{"rendered":"https:\/\/diceled.com.mx\/store\/?post_type=product&#038;p=40"},"modified":"2024-05-12T02:17:52","modified_gmt":"2024-05-12T02:17:52","slug":"arduino-uno-r3","status":"publish","type":"product","link":"https:\/\/diceled.com.mx\/store\/producto\/arduino-uno-r3\/","title":{"rendered":"Arduino Uno R3"},"content":{"rendered":"<p>El Arduino Uno R3 es una placa de desarrollo de microcontrolador de c\u00f3digo abierto dise\u00f1ada para facilitar la creaci\u00f3n de proyectos electr\u00f3nicos interactivos. Utiliza el microcontrolador ATmega328P de Atmel, que proporciona una capacidad de procesamiento y una amplia variedad de pines de entrada\/salida para conectar una variedad de sensores, actuadores y otros dispositivos electr\u00f3nicos.<\/p>\n","protected":false},"excerpt":{"rendered":"<p>El Arduino Uno R3 es una placa de desarrollo de microcontrolador de c\u00f3digo abierto dise\u00f1ada para facilitar la creaci\u00f3n de proyectos electr\u00f3nicos interactivos. Utiliza el microcontrolador ATmega328P de Atmel, que proporciona una capacidad de procesamiento y una amplia variedad de pines de entrada\/salida para conectar una variedad de sensores, actuadores y otros dispositivos electr\u00f3nicos.<\/p>\n","protected":false},"featured_media":121,"comment_status":"open","ping_status":"closed","template":"","meta":[],"product_cat":[19],"product_tag":[],"class_list":{"0":"post-40","1":"product","2":"type-product","3":"status-publish","4":"has-post-thumbnail","6":"product_cat-arduino-placa","8":"first","9":"instock","10":"shipping-taxable","11":"purchasable","12":"product-type-simple"},"jetpack_sharing_enabled":true,"_links":{"self":[{"href":"https:\/\/diceled.com.mx\/store\/wp-json\/wp\/v2\/product\/40","targetHints":{"allow":["GET"]}}],"collection":[{"href":"https:\/\/diceled.com.mx\/store\/wp-json\/wp\/v2\/product"}],"about":[{"href":"https:\/\/diceled.com.mx\/store\/wp-json\/wp\/v2\/types\/product"}],"replies":[{"embeddable":true,"href":"https:\/\/diceled.com.mx\/store\/wp-json\/wp\/v2\/comments?post=40"}],"wp:featuredmedia":[{"embeddable":true,"href":"https:\/\/diceled.com.mx\/store\/wp-json\/wp\/v2\/media\/121"}],"wp:attachment":[{"href":"https:\/\/diceled.com.mx\/store\/wp-json\/wp\/v2\/media?parent=40"}],"wp:term":[{"taxonomy":"product_cat","embeddable":true,"href":"https:\/\/diceled.com.mx\/store\/wp-json\/wp\/v2\/product_cat?post=40"},{"taxonomy":"product_tag","embeddable":true,"href":"https:\/\/diceled.com.mx\/store\/wp-json\/wp\/v2\/product_tag?post=40"}],"curies":[{"name":"wp","href":"https:\/\/api.w.org\/{rel}","templated":true}]}}