{"id":47,"date":"2024-04-17T00:33:41","date_gmt":"2024-04-17T00:33:41","guid":{"rendered":"https:\/\/diceled.com.mx\/store\/?post_type=product&#038;p=47"},"modified":"2024-05-12T01:48:04","modified_gmt":"2024-05-12T01:48:04","slug":"lilypad","status":"publish","type":"product","link":"https:\/\/diceled.com.mx\/store\/producto\/lilypad\/","title":{"rendered":"Lilypad"},"content":{"rendered":"<p>Es una plataforma de desarrollo de microcontroladores dise\u00f1ada espec\u00edficamente para la creaci\u00f3n de proyectos electr\u00f3nicos portables y wearables (prendas electr\u00f3nicas). Su dise\u00f1o compacto y flexible lo hace ideal para integrarse en textiles y prendas de vestir, permitiendo la creaci\u00f3n de dispositivos electr\u00f3nicos que pueden ser llevados directamente en el cuerpo.<\/p>\n","protected":false},"excerpt":{"rendered":"<p>Es una plataforma de desarrollo de microcontroladores dise\u00f1ada espec\u00edficamente para la creaci\u00f3n de proyectos electr\u00f3nicos portables y wearables (prendas electr\u00f3nicas). Su dise\u00f1o compacto y flexible lo hace ideal para integrarse en textiles y prendas de vestir, permitiendo la creaci\u00f3n de dispositivos electr\u00f3nicos que pueden ser llevados directamente en el cuerpo.<\/p>\n","protected":false},"featured_media":113,"comment_status":"open","ping_status":"closed","template":"","meta":[],"product_cat":[19],"product_tag":[],"class_list":{"0":"post-47","1":"product","2":"type-product","3":"status-publish","4":"has-post-thumbnail","6":"product_cat-arduino-placa","8":"first","9":"instock","10":"shipping-taxable","11":"purchasable","12":"product-type-simple"},"jetpack_sharing_enabled":true,"_links":{"self":[{"href":"https:\/\/diceled.com.mx\/store\/wp-json\/wp\/v2\/product\/47","targetHints":{"allow":["GET"]}}],"collection":[{"href":"https:\/\/diceled.com.mx\/store\/wp-json\/wp\/v2\/product"}],"about":[{"href":"https:\/\/diceled.com.mx\/store\/wp-json\/wp\/v2\/types\/product"}],"replies":[{"embeddable":true,"href":"https:\/\/diceled.com.mx\/store\/wp-json\/wp\/v2\/comments?post=47"}],"wp:featuredmedia":[{"embeddable":true,"href":"https:\/\/diceled.com.mx\/store\/wp-json\/wp\/v2\/media\/113"}],"wp:attachment":[{"href":"https:\/\/diceled.com.mx\/store\/wp-json\/wp\/v2\/media?parent=47"}],"wp:term":[{"taxonomy":"product_cat","embeddable":true,"href":"https:\/\/diceled.com.mx\/store\/wp-json\/wp\/v2\/product_cat?post=47"},{"taxonomy":"product_tag","embeddable":true,"href":"https:\/\/diceled.com.mx\/store\/wp-json\/wp\/v2\/product_tag?post=47"}],"curies":[{"name":"wp","href":"https:\/\/api.w.org\/{rel}","templated":true}]}}