{"id":60,"date":"2024-04-18T01:33:14","date_gmt":"2024-04-18T01:33:14","guid":{"rendered":"https:\/\/diceled.com.mx\/store\/?post_type=product&#038;p=60"},"modified":"2024-05-09T00:34:09","modified_gmt":"2024-05-09T00:34:09","slug":"filamento-mate","status":"publish","type":"product","link":"https:\/\/diceled.com.mx\/store\/producto\/filamento-mate\/","title":{"rendered":"Filamento Mate"},"content":{"rendered":"<p>Es una opci\u00f3n popular entre los entusiastas de la impresi\u00f3n 3D que buscan un acabado m\u00e1s suave y discreto para sus modelos y objetos impresos en 3D. Ofrece una serie de ventajas est\u00e9ticas y pr\u00e1cticas que lo hacen ideal para una variedad de aplicaciones.<\/p>\n","protected":false},"excerpt":{"rendered":"<p>Es una opci\u00f3n popular entre los entusiastas de la impresi\u00f3n 3D que buscan un acabado m\u00e1s suave y discreto para sus modelos y objetos impresos en 3D. Ofrece una serie de ventajas est\u00e9ticas y pr\u00e1cticas que lo hacen ideal para una variedad de aplicaciones.<\/p>\n","protected":false},"featured_media":87,"comment_status":"open","ping_status":"closed","template":"","meta":[],"product_cat":[24],"product_tag":[],"class_list":{"0":"post-60","1":"product","2":"type-product","3":"status-publish","4":"has-post-thumbnail","6":"product_cat-pla","8":"first","9":"instock","10":"shipping-taxable","11":"purchasable","12":"product-type-simple"},"jetpack_sharing_enabled":true,"_links":{"self":[{"href":"https:\/\/diceled.com.mx\/store\/wp-json\/wp\/v2\/product\/60","targetHints":{"allow":["GET"]}}],"collection":[{"href":"https:\/\/diceled.com.mx\/store\/wp-json\/wp\/v2\/product"}],"about":[{"href":"https:\/\/diceled.com.mx\/store\/wp-json\/wp\/v2\/types\/product"}],"replies":[{"embeddable":true,"href":"https:\/\/diceled.com.mx\/store\/wp-json\/wp\/v2\/comments?post=60"}],"wp:featuredmedia":[{"embeddable":true,"href":"https:\/\/diceled.com.mx\/store\/wp-json\/wp\/v2\/media\/87"}],"wp:attachment":[{"href":"https:\/\/diceled.com.mx\/store\/wp-json\/wp\/v2\/media?parent=60"}],"wp:term":[{"taxonomy":"product_cat","embeddable":true,"href":"https:\/\/diceled.com.mx\/store\/wp-json\/wp\/v2\/product_cat?post=60"},{"taxonomy":"product_tag","embeddable":true,"href":"https:\/\/diceled.com.mx\/store\/wp-json\/wp\/v2\/product_tag?post=60"}],"curies":[{"name":"wp","href":"https:\/\/api.w.org\/{rel}","templated":true}]}}